{"id":1294,"date":"2021-04-30T07:26:13","date_gmt":"2021-04-30T07:26:13","guid":{"rendered":"https:\/\/www.rodolpesca.com\/la-empresa\/"},"modified":"2021-09-23T13:12:00","modified_gmt":"2021-09-23T13:12:00","slug":"le-entreprise","status":"publish","type":"page","link":"https:\/\/www.rodolpesca.com\/fr\/le-entreprise\/","title":{"rendered":"L&rsquo;Entreprise"},"content":{"rendered":"<p>[vc_row css_animation=\u00a0\u00bb\u00a0\u00bb row_type=\u00a0\u00bbrow\u00a0\u00bb use_row_as_full_screen_section=\u00a0\u00bbno\u00a0\u00bb type=\u00a0\u00bbgrid\u00a0\u00bb angled_section=\u00a0\u00bbno\u00a0\u00bb text_align=\u00a0\u00bbleft\u00a0\u00bb background_image_as_pattern=\u00a0\u00bbwithout_pattern\u00a0\u00bb css=\u00a0\u00bb.vc_custom_1478016476526{padding-top: 73px !important;padding-bottom: 45px !important;}\u00a0\u00bb][vc_column offset=\u00a0\u00bbvc_col-lg-4 vc_col-md-4&Prime;][vc_single_image image=\u00a0\u00bb1800&Prime; img_size=\u00a0\u00bbfull\u00a0\u00bb onclick=\u00a0\u00bbcustom_link\u00a0\u00bb qode_css_animation=\u00a0\u00bb\u00a0\u00bb link=\u00a0\u00bb#rodolfo-mayorista-pescados\u00a0\u00bb el_class=\u00a0\u00bbmove-smooth\u00a0\u00bb][vc_empty_space][vc_column_text]<\/p>\n<h4>Rodolfo Sp\u00e9cialiste du Mareyage \u00e0 Pasajes<\/h4>\n<p>[\/vc_column_text][vc_empty_space height=\u00a0\u00bb13px\u00a0\u00bb][vc_column_text]Pescados y Mariscos Rodolfo est sans doute une entreprise pionni\u00e8re du secteur du mareyage au Pays Basque.[\/vc_column_text][vc_empty_space height=\u00a0\u00bb60px\u00a0\u00bb]<a  itemprop=\"url\" href=\"#rodolfo-mayorista-pescados\" target=\"_self\"  class=\"qbutton  center default\" style=\"margin: 0 auto; \">En savoir plus<i class=\"qode_icon_font_awesome fa fa-arrow-circle-o-down qode_button_icon_element\" style=\"\" ><\/i><\/a>[\/vc_column][vc_column offset=\u00a0\u00bbvc_col-lg-4 vc_col-md-4&Prime;][vc_single_image image=\u00a0\u00bb1806&Prime; img_size=\u00a0\u00bbfull\u00a0\u00bb onclick=\u00a0\u00bbcustom_link\u00a0\u00bb qode_css_animation=\u00a0\u00bb\u00a0\u00bb link=\u00a0\u00bb#desde-el-mar-hasta-su-destino\u00a0\u00bb el_class=\u00a0\u00bbmove-smooth\u00a0\u00bb][vc_empty_space][vc_column_text]<\/p>\n<h4>De la mer \u00e0 votre destination<\/h4>\n<p>[\/vc_column_text][vc_empty_space height=\u00a0\u00bb13px\u00a0\u00bb][vc_column_text]Notre activit\u00e9 principale est centr\u00e9e sur l\u2019achat et distribution de poisson frais dans les plus importants ports du Pays Basque.[\/vc_column_text][vc_empty_space height=\u00a0\u00bb60px\u00a0\u00bb]<a  itemprop=\"url\" href=\"#desde-el-mar-hasta-su-destino\" target=\"_self\"  class=\"qbutton  center default\" style=\"\">En savoir plus<i class=\"qode_icon_font_awesome fa fa-arrow-circle-o-down qode_button_icon_element\" style=\"\" ><\/i><\/a>[\/vc_column][vc_column offset=\u00a0\u00bbvc_col-lg-4 vc_col-md-4&Prime;][vc_single_image image=\u00a0\u00bb1808&Prime; img_size=\u00a0\u00bbfull\u00a0\u00bb onclick=\u00a0\u00bbcustom_link\u00a0\u00bb qode_css_animation=\u00a0\u00bb\u00a0\u00bb link=\u00a0\u00bb#prioridad\u00a0\u00bb el_class=\u00a0\u00bbmove-smooth\u00a0\u00bb][vc_empty_space][vc_column_text]<\/p>\n<h4>Notre priorit\u00e9, la satisfaction du client<\/h4>\n<p>[\/vc_column_text][vc_empty_space height=\u00a0\u00bb13px\u00a0\u00bb][vc_column_text]La philosophie de notre soci\u00e9t\u00e9 a toujours privilegi\u00e9 une qualit\u00e9 et un service impeccable.[\/vc_column_text][vc_empty_space height=\u00a0\u00bb60px\u00a0\u00bb]<a  itemprop=\"url\" href=\"#prioridad\" target=\"_self\"  class=\"qbutton  center default\" style=\"\">En savoir plus<i class=\"qode_icon_font_awesome fa fa-arrow-circle-o-down qode_button_icon_element\" style=\"\" ><\/i><\/a>[\/vc_column][\/vc_row][vc_row css_animation=\u00a0\u00bb\u00a0\u00bb row_type=\u00a0\u00bbrow\u00a0\u00bb use_row_as_full_screen_section=\u00a0\u00bbno\u00a0\u00bb type=\u00a0\u00bbgrid\u00a0\u00bb angled_section=\u00a0\u00bbno\u00a0\u00bb text_align=\u00a0\u00bbleft\u00a0\u00bb background_image_as_pattern=\u00a0\u00bbwithout_pattern\u00a0\u00bb css=\u00a0\u00bb.vc_custom_1619774898426{padding-top: 97px !important;}\u00a0\u00bb el_id=\u00a0\u00bbrodolfo-mayorista-pescados\u00a0\u00bb z_index=\u00a0\u00bb\u00a0\u00bb][vc_column][vc_row_inner row_type=\u00a0\u00bbrow\u00a0\u00bb type=\u00a0\u00bbfull_width\u00a0\u00bb text_align=\u00a0\u00bbleft\u00a0\u00bb css_animation=\u00a0\u00bb\u00a0\u00bb][vc_column_inner width=\u00a0\u00bb1\/2&Prime;][vc_single_image image=\u00a0\u00bb1800&Prime; img_size=\u00a0\u00bblarge\u00a0\u00bb qode_css_animation=\u00a0\u00bb\u00a0\u00bb][\/vc_column_inner][vc_column_inner width=\u00a0\u00bb1\/2&Prime;][vc_column_text]<\/p>\n<h6>Specialiste de Mareyage \u00e1 Pasajes<\/h6>\n<p>[\/vc_column_text][vc_empty_space height=\u00a0\u00bb7px\u00a0\u00bb][vc_column_text]<\/p>\n<h2>Rodolfo Specialiste de Mareyage \u00e1 Pasajes<\/h2>\n<p>Pescados y Mariscos Rodolfo est sans doute une entreprise pionni\u00e8re du secteur du mareyage au Pays Basque.<\/p>\n<p>Implant\u00e9e depuis les ann\u00e9es 50 \u00e0 Pasajes, est une entreprise familiale, transmise de p\u00e8re en fils qui continue de se d\u00e9velopper en restant fid\u00e8le \u00e0 ses valeurs traditionnelles.[\/vc_column_text][\/vc_column_inner][\/vc_row_inner][\/vc_column][\/vc_row][vc_row css_animation=\u00a0\u00bb\u00a0\u00bb row_type=\u00a0\u00bbrow\u00a0\u00bb use_row_as_full_screen_section=\u00a0\u00bbno\u00a0\u00bb type=\u00a0\u00bbgrid\u00a0\u00bb angled_section=\u00a0\u00bbno\u00a0\u00bb text_align=\u00a0\u00bbleft\u00a0\u00bb background_image_as_pattern=\u00a0\u00bbwithout_pattern\u00a0\u00bb css=\u00a0\u00bb.vc_custom_1619780194431{padding-top: 97px !important;}\u00a0\u00bb z_index=\u00a0\u00bb\u00a0\u00bb el_id=\u00a0\u00bbdesde-el-mar-hasta-su-destino\u00a0\u00bb][vc_column][vc_row_inner row_type=\u00a0\u00bbrow\u00a0\u00bb type=\u00a0\u00bbfull_width\u00a0\u00bb text_align=\u00a0\u00bbleft\u00a0\u00bb css_animation=\u00a0\u00bb\u00a0\u00bb][vc_column_inner width=\u00a0\u00bb1\/2&Prime;][vc_column_text]<\/p>\n<h6>Achat et distribution de poisson frais<\/h6>\n<p>[\/vc_column_text][vc_empty_space height=\u00a0\u00bb7px\u00a0\u00bb][vc_column_text]<\/p>\n<h2>De la mer \u00e1 votre destination<\/h2>\n<p>Notre activit\u00e9 principale est centr\u00e9e sur l\u2019achat et distribution de poisson frais dans les plus importants ports du Pays Basque : Pasajes, Hondarribi, St-Jean-de-Luz, Getaria, Ondarroa ou Bermeo . Appui\u00e9 sur une vaste r\u00e9seau d\u2019approvisionnement des cri\u00e9es le long de la c\u00f4te Cantabrique qui nous permettent d\u2019offrir \u00e0 nos clients une large gamme en poissons.<\/p>\n<p>Notre Service d\u2019importation est toujours \u00e0 l\u2019\u00e9coute du march\u00e9 et en recherche permanente de produits de qualit\u00e9 de toute provenance international pour r\u00e9pondre aux besoins de notre client\u00e8le: France, Irlande, Inglaterre, \u00c9cosse, Hollande, Danemark, Norv\u00e8ge, Portugal\u2026 [\/vc_column_text][\/vc_column_inner][vc_column_inner width=\u00a0\u00bb1\/2&Prime;][vc_single_image image=\u00a0\u00bb1806&Prime; img_size=\u00a0\u00bblarge\u00a0\u00bb qode_css_animation=\u00a0\u00bb\u00a0\u00bb][\/vc_column_inner][\/vc_row_inner][\/vc_column][\/vc_row][vc_row css_animation=\u00a0\u00bb\u00a0\u00bb row_type=\u00a0\u00bbrow\u00a0\u00bb use_row_as_full_screen_section=\u00a0\u00bbno\u00a0\u00bb type=\u00a0\u00bbgrid\u00a0\u00bb angled_section=\u00a0\u00bbno\u00a0\u00bb text_align=\u00a0\u00bbleft\u00a0\u00bb background_image_as_pattern=\u00a0\u00bbwithout_pattern\u00a0\u00bb css=\u00a0\u00bb.vc_custom_1619780506709{padding-top: 97px !important;}\u00a0\u00bb el_id=\u00a0\u00bbprioridad\u00a0\u00bb z_index=\u00a0\u00bb\u00a0\u00bb][vc_column][vc_row_inner row_type=\u00a0\u00bbrow\u00a0\u00bb type=\u00a0\u00bbfull_width\u00a0\u00bb text_align=\u00a0\u00bbleft\u00a0\u00bb css_animation=\u00a0\u00bb\u00a0\u00bb][vc_column_inner width=\u00a0\u00bb1\/2&Prime;][vc_single_image image=\u00a0\u00bb1808&Prime; img_size=\u00a0\u00bblarge\u00a0\u00bb qode_css_animation=\u00a0\u00bb\u00a0\u00bb][\/vc_column_inner][vc_column_inner width=\u00a0\u00bb1\/2&Prime;][vc_column_text]<\/p>\n<h6>Calidad y servicio impecable<\/h6>\n<p>[\/vc_column_text][vc_empty_space height=\u00a0\u00bb7px\u00a0\u00bb][vc_column_text]<\/p>\n<h2>Notre priorit\u00e9, la satisfaction du client<\/h2>\n<p>La philosophie de notre soci\u00e9t\u00e9 a toujours privilegi\u00e9 une qualit\u00e9 et un service impeccables. Notre \u00e9quipe professionnelle hautement qualifi\u00e9 saura r\u00e9pondre \u00e0 vos attentes.<br \/>\nNos produits sont contr\u00f4l\u00e9s une fois arriv\u00e9s dans notre atelier. Ils sont tri\u00e9s en fonction de la taille, qualit\u00e9\u2026 Nos installations disposent d\u2019 une salle d\u2019 \u00e9laboration, o\u00f9 on r\u00e9alise des pr\u00e9parations sp\u00e9cifiques des produits : le filetage artisanal ,la d\u00e9coupe, l\u2019\u00e9visceration\u2026<\/p>\n<p>Par la suite, les commandes sont pr\u00e9par\u00e9es, emball\u00e9es et \u00e9tiquet\u00e9es pour leur exp\u00e9dition.[\/vc_column_text][\/vc_column_inner][\/vc_row_inner][\/vc_column][\/vc_row][vc_row css_animation=\u00a0\u00bb\u00a0\u00bb row_type=\u00a0\u00bbrow\u00a0\u00bb use_row_as_full_screen_section=\u00a0\u00bbno\u00a0\u00bb type=\u00a0\u00bbfull_width\u00a0\u00bb angled_section=\u00a0\u00bbno\u00a0\u00bb text_align=\u00a0\u00bbleft\u00a0\u00bb background_image_as_pattern=\u00a0\u00bbwithout_pattern\u00a0\u00bb][vc_column][\/vc_column][\/vc_row][vc_row css_animation=\u00a0\u00bb\u00a0\u00bb row_type=\u00a0\u00bbrow\u00a0\u00bb use_row_as_full_screen_section=\u00a0\u00bbno\u00a0\u00bb type=\u00a0\u00bbfull_width\u00a0\u00bb angled_section=\u00a0\u00bbno\u00a0\u00bb text_align=\u00a0\u00bbleft\u00a0\u00bb background_image_as_pattern=\u00a0\u00bbwithout_pattern\u00a0\u00bb][vc_column][vc_column_text]<\/p>\n<p>&nbsp;<\/p>\n<p>[\/vc_column_text][\/vc_column][\/vc_row]<\/p>\n","protected":false},"excerpt":{"rendered":"<p>[vc_row css_animation=\u00a0\u00bb\u00a0\u00bb row_type=\u00a0\u00bbrow\u00a0\u00bb use_row_as_full_screen_section=\u00a0\u00bbno\u00a0\u00bb type=\u00a0\u00bbgrid\u00a0\u00bb angled_section=\u00a0\u00bbno\u00a0\u00bb text_align=\u00a0\u00bbleft\u00a0\u00bb background_image_as_pattern=\u00a0\u00bbwithout_pattern\u00a0\u00bb css=\u00a0\u00bb.vc_custom_1478016476526{padding-top: 73px !important;padding-bottom: 45px !important;}\u00a0\u00bb][vc_column offset=\u00a0\u00bbvc_col-lg-4 vc_col-md-4&Prime;][vc_single_image image=\u00a0\u00bb1800&Prime; img_size=\u00a0\u00bbfull\u00a0\u00bb onclick=\u00a0\u00bbcustom_link\u00a0\u00bb qode_css_animation=\u00a0\u00bb\u00a0\u00bb link=\u00a0\u00bb#rodolfo-mayorista-pescados\u00a0\u00bb el_class=\u00a0\u00bbmove-smooth\u00a0\u00bb][vc_empty_space][vc_column_text] Rodolfo Sp\u00e9cialiste du Mareyage \u00e0 Pasajes [\/vc_column_text][vc_empty_space height=\u00a0\u00bb13px\u00a0\u00bb][vc_column_text]Pescados y Mariscos Rodolfo est sans doute une entreprise pionni\u00e8re du secteur du mareyage au Pays Basque.[\/vc_column_text][vc_empty_space&#8230;<\/p>\n","protected":false},"author":1,"featured_media":0,"parent":0,"menu_order":1,"comment_status":"closed","ping_status":"closed","template":"full_width.php","meta":[],"_links":{"self":[{"href":"https:\/\/www.rodolpesca.com\/fr\/wp-json\/wp\/v2\/pages\/1294"}],"collection":[{"href":"https:\/\/www.rodolpesca.com\/fr\/wp-json\/wp\/v2\/pages"}],"about":[{"href":"https:\/\/www.rodolpesca.com\/fr\/wp-json\/wp\/v2\/types\/page"}],"author":[{"embeddable":true,"href":"https:\/\/www.rodolpesca.com\/fr\/wp-json\/wp\/v2\/users\/1"}],"replies":[{"embeddable":true,"href":"https:\/\/www.rodolpesca.com\/fr\/wp-json\/wp\/v2\/comments?post=1294"}],"version-history":[{"count":11,"href":"https:\/\/www.rodolpesca.com\/fr\/wp-json\/wp\/v2\/pages\/1294\/revisions"}],"predecessor-version":[{"id":1859,"href":"https:\/\/www.rodolpesca.com\/fr\/wp-json\/wp\/v2\/pages\/1294\/revisions\/1859"}],"wp:attachment":[{"href":"https:\/\/www.rodolpesca.com\/fr\/wp-json\/wp\/v2\/media?parent=1294"}],"curies":[{"name":"wp","href":"https:\/\/api.w.org\/{rel}","templated":true}]}}