{"id":1504,"date":"2021-04-30T13:43:48","date_gmt":"2021-04-30T13:43:48","guid":{"rendered":"https:\/\/www.rodolpesca.com\/logistica\/"},"modified":"2021-05-26T10:33:51","modified_gmt":"2021-05-26T10:33:51","slug":"logistique","status":"publish","type":"page","link":"https:\/\/www.rodolpesca.com\/fr\/logistique\/","title":{"rendered":"Logistique"},"content":{"rendered":"<p>[vc_row css_animation=\u00a0\u00bb\u00a0\u00bb row_type=\u00a0\u00bbrow\u00a0\u00bb use_row_as_full_screen_section=\u00a0\u00bbno\u00a0\u00bb type=\u00a0\u00bbgrid\u00a0\u00bb angled_section=\u00a0\u00bbno\u00a0\u00bb text_align=\u00a0\u00bbleft\u00a0\u00bb background_image_as_pattern=\u00a0\u00bbwithout_pattern\u00a0\u00bb css=\u00a0\u00bb.vc_custom_1619774898426{padding-top: 97px !important;}\u00a0\u00bb el_id=\u00a0\u00bbrodolfo-mayorista-pescados\u00a0\u00bb z_index=\u00a0\u00bb\u00a0\u00bb][vc_column][vc_row_inner row_type=\u00a0\u00bbrow\u00a0\u00bb type=\u00a0\u00bbfull_width\u00a0\u00bb text_align=\u00a0\u00bbleft\u00a0\u00bb css_animation=\u00a0\u00bb\u00a0\u00bb][vc_column_inner width=\u00a0\u00bb1\/2&Prime;][vc_single_image image=\u00a0\u00bb1811&Prime; img_size=\u00a0\u00bblarge\u00a0\u00bb qode_css_animation=\u00a0\u00bb\u00a0\u00bb][\/vc_column_inner][vc_column_inner width=\u00a0\u00bb1\/2&Prime;][vc_column_text]<\/p>\n<h6>Sp\u00e9cialiste du mareyage<\/h6>\n<p>[\/vc_column_text][vc_empty_space height=\u00a0\u00bb7px\u00a0\u00bb][vc_column_text]<\/p>\n<h2>Points de vente directs, march\u00e9s de gros aux poissons<\/h2>\n<p>Rodolfo est implant\u00e9 dans les principales march\u00e9s de poisson de la g\u00e9ographie espagnole. Mercamadrid, Mercazaragoza, Vitoria, Merkaoiartzun ou le March\u00e9 au poisson \u00e0 Pasajes re\u00e7oivent nos produits quotidiennement.[\/vc_column_text][\/vc_column_inner][\/vc_row_inner][\/vc_column][\/vc_row][vc_row css_animation=\u00a0\u00bb\u00a0\u00bb row_type=\u00a0\u00bbrow\u00a0\u00bb use_row_as_full_screen_section=\u00a0\u00bbno\u00a0\u00bb type=\u00a0\u00bbgrid\u00a0\u00bb angled_section=\u00a0\u00bbno\u00a0\u00bb text_align=\u00a0\u00bbleft\u00a0\u00bb background_image_as_pattern=\u00a0\u00bbwithout_pattern\u00a0\u00bb css=\u00a0\u00bb.vc_custom_1619780194431{padding-top: 97px !important;}\u00a0\u00bb z_index=\u00a0\u00bb\u00a0\u00bb el_id=\u00a0\u00bbdesde-el-mar-hasta-su-destino\u00a0\u00bb][vc_column][vc_row_inner row_type=\u00a0\u00bbrow\u00a0\u00bb type=\u00a0\u00bbfull_width\u00a0\u00bb text_align=\u00a0\u00bbleft\u00a0\u00bb css_animation=\u00a0\u00bb\u00a0\u00bb][vc_column_inner width=\u00a0\u00bb1\/3&Prime;][vc_column_text]<\/p>\n<h6>Qualit\u00e9 et fra\u00eecheur maximales<\/h6>\n<p>[\/vc_column_text][vc_empty_space height=\u00a0\u00bb7px\u00a0\u00bb][vc_column_text]<\/p>\n<h2>Propre flotte de v\u00e9hicules frigorifiques<\/h2>\n<p>Notre propre flotte de v\u00e9hicules r\u00e9frig\u00e9r\u00e9s nous permet de livrer le plus rapidement possible avec un respect total de la cha\u00eene du froid en vous assurant une qualit\u00e9 et fraicheur maximaux.<\/p>\n<p>Et dans les endroits o\u00f9 Rodolfo ne livre pas, , nos poissons seront livr\u00e9s chez vous en moins de 24H par les entreprises sp\u00e9cialis\u00e9es \u00a0du secteur du transport frigo en Espagne.[\/vc_column_text][\/vc_column_inner][vc_column_inner width=\u00a0\u00bb2\/3&Prime;][vc_single_image image=\u00a0\u00bb1813&Prime; img_size=\u00a0\u00bblarge\u00a0\u00bb qode_css_animation=\u00a0\u00bb\u00a0\u00bb][\/vc_column_inner][\/vc_row_inner][\/vc_column][\/vc_row][vc_row css_animation=\u00a0\u00bb\u00a0\u00bb row_type=\u00a0\u00bbrow\u00a0\u00bb use_row_as_full_screen_section=\u00a0\u00bbno\u00a0\u00bb type=\u00a0\u00bbgrid\u00a0\u00bb angled_section=\u00a0\u00bbno\u00a0\u00bb text_align=\u00a0\u00bbleft\u00a0\u00bb background_image_as_pattern=\u00a0\u00bbwithout_pattern\u00a0\u00bb css=\u00a0\u00bb.vc_custom_1619780506709{padding-top: 97px !important;}\u00a0\u00bb el_id=\u00a0\u00bbprioridad\u00a0\u00bb z_index=\u00a0\u00bb\u00a0\u00bb][vc_column][vc_row_inner row_type=\u00a0\u00bbrow\u00a0\u00bb type=\u00a0\u00bbfull_width\u00a0\u00bb text_align=\u00a0\u00bbleft\u00a0\u00bb css_animation=\u00a0\u00bb\u00a0\u00bb][vc_column_inner width=\u00a0\u00bb1\/2&Prime;][vc_single_image image=\u00a0\u00bb1815&Prime; img_size=\u00a0\u00bblarge\u00a0\u00bb qode_css_animation=\u00a0\u00bb\u00a0\u00bb][\/vc_column_inner][vc_column_inner width=\u00a0\u00bb1\/2&Prime;][vc_column_text]<\/p>\n<h6>Nos poissons en moins de 24 heures<\/h6>\n<p>[\/vc_column_text][vc_empty_space height=\u00a0\u00bb7px\u00a0\u00bb][vc_column_text]<\/p>\n<h2>Notre si\u00e8ge central est situ\u00e9 \u00e0 Pasajes<\/h2>\n<p>Notre si\u00e8ge central est situ\u00e9 \u00e0 Pasajes, un point strat\u00e9gique des routes du transport routier, \u00e0 20 kms de la fronti\u00e8re avec la France. C\u2019est la raison pour laquelle, les principales entreprises du frigo transport en France, partent chaque jour de nos ateliers destination la France. Les groupes Olano, STEF ,Delanchy et Guiffant \u00a0garantissent \u00e0 nos clients , la livraison de nos produits en A pour B.[\/vc_column_text][\/vc_column_inner][\/vc_row_inner][\/vc_column][\/vc_row][vc_row css_animation=\u00a0\u00bb\u00a0\u00bb row_type=\u00a0\u00bbrow\u00a0\u00bb use_row_as_full_screen_section=\u00a0\u00bbno\u00a0\u00bb type=\u00a0\u00bbfull_width\u00a0\u00bb angled_section=\u00a0\u00bbno\u00a0\u00bb text_align=\u00a0\u00bbleft\u00a0\u00bb background_image_as_pattern=\u00a0\u00bbwithout_pattern\u00a0\u00bb][vc_column][\/vc_column][\/vc_row][vc_row css_animation=\u00a0\u00bb\u00a0\u00bb row_type=\u00a0\u00bbrow\u00a0\u00bb use_row_as_full_screen_section=\u00a0\u00bbno\u00a0\u00bb type=\u00a0\u00bbfull_width\u00a0\u00bb angled_section=\u00a0\u00bbno\u00a0\u00bb text_align=\u00a0\u00bbleft\u00a0\u00bb background_image_as_pattern=\u00a0\u00bbwithout_pattern\u00a0\u00bb][vc_column][vc_column_text]<\/p>\n<p>&nbsp;<\/p>\n<p>[\/vc_column_text][\/vc_column][\/vc_row]<\/p>\n","protected":false},"excerpt":{"rendered":"<p>[vc_row css_animation=\u00a0\u00bb\u00a0\u00bb row_type=\u00a0\u00bbrow\u00a0\u00bb use_row_as_full_screen_section=\u00a0\u00bbno\u00a0\u00bb type=\u00a0\u00bbgrid\u00a0\u00bb angled_section=\u00a0\u00bbno\u00a0\u00bb text_align=\u00a0\u00bbleft\u00a0\u00bb background_image_as_pattern=\u00a0\u00bbwithout_pattern\u00a0\u00bb css=\u00a0\u00bb.vc_custom_1619774898426{padding-top: 97px !important;}\u00a0\u00bb el_id=\u00a0\u00bbrodolfo-mayorista-pescados\u00a0\u00bb z_index=\u00a0\u00bb\u00a0\u00bb][vc_column][vc_row_inner row_type=\u00a0\u00bbrow\u00a0\u00bb type=\u00a0\u00bbfull_width\u00a0\u00bb text_align=\u00a0\u00bbleft\u00a0\u00bb css_animation=\u00a0\u00bb\u00a0\u00bb][vc_column_inner width=\u00a0\u00bb1\/2&Prime;][vc_single_image image=\u00a0\u00bb1811&Prime; img_size=\u00a0\u00bblarge\u00a0\u00bb qode_css_animation=\u00a0\u00bb\u00a0\u00bb][\/vc_column_inner][vc_column_inner width=\u00a0\u00bb1\/2&Prime;][vc_column_text] Sp\u00e9cialiste du mareyage [\/vc_column_text][vc_empty_space height=\u00a0\u00bb7px\u00a0\u00bb][vc_column_text] Points de vente directs, march\u00e9s de gros aux poissons Rodolfo est implant\u00e9 dans les principales march\u00e9s de poisson&#8230;<\/p>\n","protected":false},"author":1,"featured_media":0,"parent":0,"menu_order":3,"comment_status":"closed","ping_status":"closed","template":"full_width.php","meta":[],"_links":{"self":[{"href":"https:\/\/www.rodolpesca.com\/fr\/wp-json\/wp\/v2\/pages\/1504"}],"collection":[{"href":"https:\/\/www.rodolpesca.com\/fr\/wp-json\/wp\/v2\/pages"}],"about":[{"href":"https:\/\/www.rodolpesca.com\/fr\/wp-json\/wp\/v2\/types\/page"}],"author":[{"embeddable":true,"href":"https:\/\/www.rodolpesca.com\/fr\/wp-json\/wp\/v2\/users\/1"}],"replies":[{"embeddable":true,"href":"https:\/\/www.rodolpesca.com\/fr\/wp-json\/wp\/v2\/comments?post=1504"}],"version-history":[{"count":8,"href":"https:\/\/www.rodolpesca.com\/fr\/wp-json\/wp\/v2\/pages\/1504\/revisions"}],"predecessor-version":[{"id":1817,"href":"https:\/\/www.rodolpesca.com\/fr\/wp-json\/wp\/v2\/pages\/1504\/revisions\/1817"}],"wp:attachment":[{"href":"https:\/\/www.rodolpesca.com\/fr\/wp-json\/wp\/v2\/media?parent=1504"}],"curies":[{"name":"wp","href":"https:\/\/api.w.org\/{rel}","templated":true}]}}