{"id":1518,"date":"2016-11-02T08:49:58","date_gmt":"2016-11-02T08:49:58","guid":{"rendered":"https:\/\/www.rodolpesca.com\/contacta\/"},"modified":"2021-09-23T13:38:31","modified_gmt":"2021-09-23T13:38:31","slug":"contact","status":"publish","type":"page","link":"https:\/\/www.rodolpesca.com\/fr\/contact\/","title":{"rendered":"Contact"},"content":{"rendered":"<p>[vc_row css_animation=\u00a0\u00bb\u00a0\u00bb row_type=\u00a0\u00bbrow\u00a0\u00bb use_row_as_full_screen_section=\u00a0\u00bbno\u00a0\u00bb type=\u00a0\u00bbgrid\u00a0\u00bb angled_section=\u00a0\u00bbno\u00a0\u00bb text_align=\u00a0\u00bbcenter\u00a0\u00bb background_image_as_pattern=\u00a0\u00bbwithout_pattern\u00a0\u00bb css=\u00a0\u00bb.vc_custom_1481552258174{padding-top: 100px !important;padding-bottom: 37px !important;}\u00a0\u00bb][vc_column width=\u00a0\u00bb1\/3&Prime; offset=\u00a0\u00bbvc_col-lg-4 vc_col-md-4&Prime;]<span data-type=\"circle\" data-hover-bg-color=\"#ffffff\" data-hover-icon-color=\"#2e82ea\" class=\"qode_icon_shortcode fa-stack q_font_awsome_icon_stack fa-lg  \" style=\"font-size: 35px;font-size: 51px; \"><i class=\"fa fa-circle fa-stack-base fa-stack-2x\" style=\"color: #ffffff;\"><\/i><span aria-hidden=\"true\" class=\"qode_icon_font_elegant icon_pin qode_icon_element fa-stack-1x\" style=\"font-size: 35px;color: #2e82ea;\" ><\/span><\/span>[vc_empty_space height=\u00a0\u00bb20px\u00a0\u00bb][vc_column_text]<\/p>\n<h4>RODOLFO PASAJES<\/h4>\n<p>[\/vc_column_text][vc_empty_space height=\u00a0\u00bb14px\u00a0\u00bb][vc_column_text]Zona Portuaria la Herrera, s\/n.<\/p>\n<p>Aptdo. de Correos 81<\/p>\n<p>20110 Pasajes San Pedro<\/p>\n<p>Gipuzkoa<\/p>\n<p>T\u00e9l\u00e9phone: + 34 943 40 40 80<\/p>\n<p>Fax: +34 943 39 51 98<\/p>\n<p>Email: <a href=\"mailto:rodolfo@rodolpesca.com\">rodolfo@rodolpesca.com<\/a>[\/vc_column_text][vc_empty_space height=\u00a0\u00bb50px\u00a0\u00bb][\/vc_column][vc_column width=\u00a0\u00bb1\/3&Prime; offset=\u00a0\u00bbvc_col-lg-4 vc_col-md-4&Prime;]<span data-type=\"circle\" data-hover-bg-color=\"#ffffff\" data-hover-icon-color=\"#2e82ea\" class=\"qode_icon_shortcode fa-stack q_font_awsome_icon_stack fa-lg  \" style=\"font-size: 35px;font-size: 51px; \"><i class=\"fa fa-circle fa-stack-base fa-stack-2x\" style=\"color: #ffffff;\"><\/i><span aria-hidden=\"true\" class=\"qode_icon_font_elegant icon_pin qode_icon_element fa-stack-1x\" style=\"font-size: 35px;color: #2e82ea;\" ><\/span><\/span>[vc_empty_space height=\u00a0\u00bb20px\u00a0\u00bb][vc_column_text]<\/p>\n<h4>RODOLFO MADRID<\/h4>\n<p>[\/vc_column_text][vc_empty_space height=\u00a0\u00bb14px\u00a0\u00bb][vc_column_text]MercaMadrid, Puestos 72 y 154<\/p>\n<p>Ctra. Villaverde-Vallecas, km 3800<\/p>\n<p>28053 Madrid<\/p>\n<p>T\u00e9l\u00e9phone: + 34 91 745 83 95<\/p>\n<p>Fax: +34 91 507 18 37<\/p>\n<p>Email: <a href=\"mailto\">mercamadrid@rodolpesca.com<\/a>[\/vc_column_text][vc_empty_space height=\u00a0\u00bb50px\u00a0\u00bb][\/vc_column][vc_column width=\u00a0\u00bb1\/3&Prime; offset=\u00a0\u00bbvc_col-lg-4 vc_col-md-4&Prime;]<span data-type=\"circle\" data-hover-bg-color=\"#ffffff\" data-hover-icon-color=\"#2e82ea\" class=\"qode_icon_shortcode fa-stack q_font_awsome_icon_stack fa-lg  \" style=\"font-size: 35px;font-size: 51px; \"><i class=\"fa fa-circle fa-stack-base fa-stack-2x\" style=\"color: #ffffff;\"><\/i><span aria-hidden=\"true\" class=\"qode_icon_font_elegant icon_pin qode_icon_element fa-stack-1x\" style=\"font-size: 35px;color: #2e82ea;\" ><\/span><\/span>[vc_empty_space height=\u00a0\u00bb20px\u00a0\u00bb][vc_column_text]<\/p>\n<h4>RODOLFO ZARAGOZA<\/h4>\n<p>[\/vc_column_text][vc_empty_space height=\u00a0\u00bb14px\u00a0\u00bb][vc_column_text]Mercazaragoza Puesto 6<\/p>\n<p>Ctra. Cogullada, 65<\/p>\n<p>50014 Zaragoza<\/p>\n<p>T\u00e9l\u00e9phone: +34 976 479 717<\/p>\n<p>Fax: +34 976 479 717<\/p>\n<p>Email: <a href=\"mailto:rodolfo@rodolpesca.com\">rodolfo@rodolpesca.com<\/a>[\/vc_column_text][vc_empty_space height=\u00a0\u00bb50px\u00a0\u00bb][\/vc_column][\/vc_row][vc_row css_animation=\u00a0\u00bb\u00a0\u00bb row_type=\u00a0\u00bbrow\u00a0\u00bb use_row_as_full_screen_section=\u00a0\u00bbno\u00a0\u00bb type=\u00a0\u00bbgrid\u00a0\u00bb angled_section=\u00a0\u00bbno\u00a0\u00bb text_align=\u00a0\u00bbcenter\u00a0\u00bb background_image_as_pattern=\u00a0\u00bbwithout_pattern\u00a0\u00bb css=\u00a0\u00bb.vc_custom_1481552258174{padding-top: 100px !important;padding-bottom: 37px !important;}\u00a0\u00bb][vc_column width=\u00a0\u00bb1\/3&Prime; offset=\u00a0\u00bbvc_col-lg-4 vc_col-md-4&Prime;]<span data-type=\"circle\" data-hover-bg-color=\"#ffffff\" data-hover-icon-color=\"#2e82ea\" class=\"qode_icon_shortcode fa-stack q_font_awsome_icon_stack fa-lg  \" style=\"font-size: 35px;font-size: 51px; \"><i class=\"fa fa-circle fa-stack-base fa-stack-2x\" style=\"color: #ffffff;\"><\/i><span aria-hidden=\"true\" class=\"qode_icon_font_elegant icon_pin qode_icon_element fa-stack-1x\" style=\"font-size: 35px;color: #2e82ea;\" ><\/span><\/span>[vc_empty_space height=\u00a0\u00bb20px\u00a0\u00bb][vc_column_text]<\/p>\n<h4>RODOLFO VITORIA<\/h4>\n<p>[\/vc_column_text][vc_empty_space height=\u00a0\u00bb14px\u00a0\u00bb][vc_column_text]Merca Vitoria Pescados, Puesto 21<\/p>\n<p>Pol. Industrial de Ali-Gobeo. Alibarra, s\/n<\/p>\n<p>01010 Vitoria-Gasteiz<\/p>\n<p>T\u00e9l\u00e9phone: +34 943 40 40 80<\/p>\n<p>Fax: +34 943 39 51 98<\/p>\n<p>Email: <a href=\"mailto:rodolfo@rodolpesca.com\">rodolfo@rodolpesca.com<\/a>[\/vc_column_text][vc_empty_space height=\u00a0\u00bb50px\u00a0\u00bb][\/vc_column][vc_column width=\u00a0\u00bb1\/3&Prime; offset=\u00a0\u00bbvc_col-lg-4 vc_col-md-4&Prime;]<span data-type=\"circle\" data-hover-bg-color=\"#ffffff\" data-hover-icon-color=\"#2e82ea\" class=\"qode_icon_shortcode fa-stack q_font_awsome_icon_stack fa-lg  \" style=\"font-size: 35px;font-size: 51px; \"><i class=\"fa fa-circle fa-stack-base fa-stack-2x\" style=\"color: #ffffff;\"><\/i><span aria-hidden=\"true\" class=\"qode_icon_font_elegant icon_pin qode_icon_element fa-stack-1x\" style=\"font-size: 35px;color: #2e82ea;\" ><\/span><\/span>[vc_empty_space height=\u00a0\u00bb20px\u00a0\u00bb][vc_column_text]<\/p>\n<h4>RODOLFO OIARTZUN<\/h4>\n<p>[\/vc_column_text][vc_empty_space height=\u00a0\u00bb14px\u00a0\u00bb][vc_column_text]Merkaoiartzun, Puestos 29\/30<\/p>\n<p>Poligono Aranguren<\/p>\n<p>20180 Oiartzun, Gipuzkoa<\/p>\n<p>T\u00e9l\u00e9phone: + 34 943 40 40 80[\/vc_column_text][vc_empty_space height=\u00a0\u00bb50px\u00a0\u00bb][\/vc_column][vc_column width=\u00a0\u00bb1\/3&Prime; offset=\u00a0\u00bbvc_col-lg-4 vc_col-md-4&Prime;]<span data-type=\"circle\" data-hover-bg-color=\"#ffffff\" data-hover-icon-color=\"#2e82ea\" class=\"qode_icon_shortcode fa-stack q_font_awsome_icon_stack fa-lg  \" style=\"font-size: 35px;font-size: 51px; \"><i class=\"fa fa-circle fa-stack-base fa-stack-2x\" style=\"color: #ffffff;\"><\/i><span aria-hidden=\"true\" class=\"qode_icon_font_elegant icon_pin qode_icon_element fa-stack-1x\" style=\"font-size: 35px;color: #2e82ea;\" ><\/span><\/span>[vc_empty_space height=\u00a0\u00bb20px\u00a0\u00bb][vc_column_text]<\/p>\n<h4>RODOLFO LONJA DE PASAJES<\/h4>\n<p>[\/vc_column_text][vc_empty_space height=\u00a0\u00bb14px\u00a0\u00bb][vc_column_text]Lonja de Pasajes, Puesto 10A<\/p>\n<p>Zona Portuaria, s\/n<\/p>\n<p>20110 Pasajes San Pedro<\/p>\n<p>Gipuzkoa<\/p>\n<p>T\u00e9l\u00e9phone: +34 943 40 40 80[\/vc_column_text][vc_empty_space height=\u00a0\u00bb50px\u00a0\u00bb][\/vc_column][\/vc_row][vc_row css_animation=\u00a0\u00bb\u00a0\u00bb row_type=\u00a0\u00bbrow\u00a0\u00bb use_row_as_full_screen_section=\u00a0\u00bbno\u00a0\u00bb type=\u00a0\u00bbgrid\u00a0\u00bb angled_section=\u00a0\u00bbno\u00a0\u00bb text_align=\u00a0\u00bbleft\u00a0\u00bb background_image_as_pattern=\u00a0\u00bbwithout_pattern\u00a0\u00bb css=\u00a0\u00bb.vc_custom_1478078331304{padding-bottom: 80px !important;}\u00a0\u00bb][vc_column offset=\u00a0\u00bbvc_col-lg-6 vc_col-md-6&Prime;][vc_column_text]<\/p>\n<h4>Envoyez-nous un message<\/h4>\n<p>[\/vc_column_text][vc_empty_space height=\u00a0\u00bb27px\u00a0\u00bb]<div role=\"form\" class=\"wpcf7\" id=\"wpcf7-f1527-o1\" lang=\"es-ES\" dir=\"ltr\">\n<div class=\"screen-reader-response\"><p role=\"status\" aria-live=\"polite\" aria-atomic=\"true\"><\/p> <ul><\/ul><\/div>\n<form action=\"\/fr\/wp-json\/wp\/v2\/pages\/1518#wpcf7-f1527-o1\" method=\"post\" class=\"wpcf7-form init cf7_custom_style_2\" novalidate=\"novalidate\" data-status=\"init\">\n<div style=\"display: none;\">\n<input type=\"hidden\" name=\"_wpcf7\" value=\"1527\" \/>\n<input type=\"hidden\" name=\"_wpcf7_version\" value=\"5.5.2\" \/>\n<input type=\"hidden\" name=\"_wpcf7_locale\" value=\"es_ES\" \/>\n<input type=\"hidden\" name=\"_wpcf7_unit_tag\" value=\"wpcf7-f1527-o1\" \/>\n<input type=\"hidden\" name=\"_wpcf7_container_post\" value=\"0\" \/>\n<input type=\"hidden\" name=\"_wpcf7_posted_data_hash\" value=\"\" \/>\n<input type=\"hidden\" name=\"_wpcf7_recaptcha_response\" value=\"\" \/>\n<\/div>\n<p><span class=\"wpcf7-form-control-wrap your-name\"><input type=\"text\" name=\"your-name\" value=\"\" size=\"40\" class=\"wpcf7-form-control wpcf7-text wpcf7-validates-as-required\" aria-required=\"true\" aria-invalid=\"false\" placeholder=\"Nom\" \/><\/span><\/p>\n<p><span class=\"wpcf7-form-control-wrap email\"><input type=\"email\" name=\"email\" value=\"\" size=\"40\" class=\"wpcf7-form-control wpcf7-text wpcf7-email wpcf7-validates-as-required wpcf7-validates-as-email\" aria-required=\"true\" aria-invalid=\"false\" placeholder=\"Adresse e-mail\" \/><\/span><\/p>\n<p><span class=\"wpcf7-form-control-wrap phone\"><input type=\"text\" name=\"phone\" value=\"\" size=\"40\" class=\"wpcf7-form-control wpcf7-text wpcf7-validates-as-required\" aria-required=\"true\" aria-invalid=\"false\" placeholder=\"T\u00e9l\u00e9phone\" \/><\/span><\/p>\n<p><span class=\"wpcf7-form-control-wrap message\"><textarea name=\"message\" cols=\"40\" rows=\"10\" class=\"wpcf7-form-control wpcf7-textarea wpcf7-validates-as-required\" aria-required=\"true\" aria-invalid=\"false\" placeholder=\"Votre message\"><\/textarea><\/span><\/p>\n<p>&nbsp;<\/p>\n<p class=\"proteccion-datos\"><strong>Responsable<\/strong>: PESCADOS Y MARISCOS RODOLFO S.A.<br \/>\n<strong>Objectif<\/strong>: R\u00e9pondez \u00e0 votre demande d'informations.<br \/>\n<strong>L\u00e9gitimation<\/strong>: Consentement de l'int\u00e9ress\u00e9.<br \/>\n<strong>B\u00e9n\u00e9ficiaires<\/strong>: Aucune donn\u00e9e ne sera transf\u00e9r\u00e9e \u00e0 des tiers sauf obligation l\u00e9gale ou que le transfert est n\u00e9cessaire \u00e0 la r\u00e9alisation de la finalit\u00e9.<br \/>\n<strong>Droits<\/strong>: Vous disposez d'un droit d'acc\u00e8s, de rectification et de suppression des donn\u00e9es, ainsi que d'autres droits, comme expliqu\u00e9 dans les informations compl\u00e9mentaires.<br \/>\n<strong>Information compl\u00e9mentaire<\/strong>: Vous pouvez consulter les informations suppl\u00e9mentaires et d\u00e9taill\u00e9es sur la <a href='\/politica-de-privacidad'>Protection des donn\u00e9es.<\/a>\n<\/p>\n<p>&nbsp;<\/p>\n<p><span class=\"wpcf7-form-control-wrap checkbox-288\"><span class=\"wpcf7-form-control wpcf7-checkbox wpcf7-validates-as-required\"><span class=\"wpcf7-list-item first last\"><label><input type=\"checkbox\" name=\"checkbox-288[]\" value=\"\" \/><span class=\"wpcf7-list-item-label\"><\/span><\/label><\/span><\/span><\/span>J'ai lu et j'accepte la <a href='\/politica-de-privacidad'>politique de confidentialit\u00e9<\/a><\/p>\n<p>&nbsp;<\/p>\n<p><input type=\"submit\" value=\"Envoyer\" class=\"wpcf7-form-control has-spinner wpcf7-submit\" \/><\/p>\n<div class=\"wpcf7-response-output\" aria-hidden=\"true\"><\/div><\/form><\/div>[vc_empty_space height=\u00a0\u00bb60px\u00a0\u00bb][\/vc_column][vc_column offset=\u00a0\u00bbvc_col-lg-6 vc_col-md-6&Prime;][vc_column_text]<\/p>\n<h4>Visitez nos installations<\/h4>\n<p>[\/vc_column_text][vc_empty_space height=\u00a0\u00bb27px\u00a0\u00bb]<div class='google_map_shortcode_holder' style='height:397px;'><div class='qode_google_map' style='height:397px;' id='map_canvas_71860' data-addresses='[\"Pescados y Mariscos Rodolfo, s.a.\"]' data-custom-map-style='false' data-color-overlay='#393939' data-saturation='-100' data-lightness='-60' data-zoom='16' data-pin='https:\/\/www.rodolpesca.com\/wp-content\/uploads\/2016\/11\/pin.png' data-unique-id='71860' data-google-maps-scroll-wheel='false' data-snazzy-map-style='no' data-map-height='397'><\/div><div class='google_map_shortcode_overlay'><\/div><\/div>[vc_empty_space height=\u00a0\u00bb60px\u00a0\u00bb][\/vc_column][\/vc_row][vc_row css_animation=\u00a0\u00bb\u00a0\u00bb row_type=\u00a0\u00bbrow\u00a0\u00bb use_row_as_full_screen_section=\u00a0\u00bbno\u00a0\u00bb type=\u00a0\u00bbgrid\u00a0\u00bb angled_section=\u00a0\u00bbno\u00a0\u00bb text_align=\u00a0\u00bbleft\u00a0\u00bb background_image_as_pattern=\u00a0\u00bbwithout_pattern\u00a0\u00bb css=\u00a0\u00bb.vc_custom_1478077716946{padding-top: 13px !important;padding-bottom: 13px !important;background-color: #ffffff !important;}\u00a0\u00bb][vc_column offset=\u00a0\u00bbvc_hidden-lg vc_hidden-md vc_hidden-sm vc_hidden-xs\u00a0\u00bb]<div class='qode_carousels_holder clearfix'><div class='qode_carousels' data-number-of-visible-items='4'><ul class='slides'>Sorry, no posts matched your criteria.<\/ul><\/div><\/div>[\/vc_column][\/vc_row]<\/p>\n","protected":false},"excerpt":{"rendered":"<p>[vc_row css_animation=\u00a0\u00bb\u00a0\u00bb row_type=\u00a0\u00bbrow\u00a0\u00bb use_row_as_full_screen_section=\u00a0\u00bbno\u00a0\u00bb type=\u00a0\u00bbgrid\u00a0\u00bb angled_section=\u00a0\u00bbno\u00a0\u00bb text_align=\u00a0\u00bbcenter\u00a0\u00bb background_image_as_pattern=\u00a0\u00bbwithout_pattern\u00a0\u00bb css=\u00a0\u00bb.vc_custom_1481552258174{padding-top: 100px !important;padding-bottom: 37px !important;}\u00a0\u00bb][vc_column width=\u00a0\u00bb1\/3&Prime; offset=\u00a0\u00bbvc_col-lg-4 vc_col-md-4&Prime;][vc_empty_space height=\u00a0\u00bb20px\u00a0\u00bb][vc_column_text] RODOLFO PASAJES [\/vc_column_text][vc_empty_space height=\u00a0\u00bb14px\u00a0\u00bb][vc_column_text]Zona Portuaria la Herrera, s\/n. Aptdo. de Correos 81 20110 Pasajes San Pedro Gipuzkoa T\u00e9l\u00e9phone: + 34 943 40 40 80 Fax: +34 943 39&#8230;<\/p>\n","protected":false},"author":1,"featured_media":0,"parent":0,"menu_order":5,"comment_status":"closed","ping_status":"closed","template":"full_width.php","meta":[],"_links":{"self":[{"href":"https:\/\/www.rodolpesca.com\/fr\/wp-json\/wp\/v2\/pages\/1518"}],"collection":[{"href":"https:\/\/www.rodolpesca.com\/fr\/wp-json\/wp\/v2\/pages"}],"about":[{"href":"https:\/\/www.rodolpesca.com\/fr\/wp-json\/wp\/v2\/types\/page"}],"author":[{"embeddable":true,"href":"https:\/\/www.rodolpesca.com\/fr\/wp-json\/wp\/v2\/users\/1"}],"replies":[{"embeddable":true,"href":"https:\/\/www.rodolpesca.com\/fr\/wp-json\/wp\/v2\/comments?post=1518"}],"version-history":[{"count":8,"href":"https:\/\/www.rodolpesca.com\/fr\/wp-json\/wp\/v2\/pages\/1518\/revisions"}],"predecessor-version":[{"id":1861,"href":"https:\/\/www.rodolpesca.com\/fr\/wp-json\/wp\/v2\/pages\/1518\/revisions\/1861"}],"wp:attachment":[{"href":"https:\/\/www.rodolpesca.com\/fr\/wp-json\/wp\/v2\/media?parent=1518"}],"curies":[{"name":"wp","href":"https:\/\/api.w.org\/{rel}","templated":true}]}}