{"id":1820,"date":"2021-05-01T13:12:23","date_gmt":"2021-05-01T13:12:23","guid":{"rendered":"https:\/\/www.rodolpesca.com\/aviso-legal\/"},"modified":"2021-09-07T13:53:59","modified_gmt":"2021-09-07T13:53:59","slug":"avis-legal","status":"publish","type":"page","link":"https:\/\/www.rodolpesca.com\/fr\/avis-legal\/","title":{"rendered":"Mentions L\u00e9gales"},"content":{"rendered":"<p>[vc_row css_animation=\u00a0\u00bb\u00a0\u00bb row_type=\u00a0\u00bbrow\u00a0\u00bb use_row_as_full_screen_section=\u00a0\u00bbno\u00a0\u00bb type=\u00a0\u00bbfull_width\u00a0\u00bb angled_section=\u00a0\u00bbno\u00a0\u00bb text_align=\u00a0\u00bbleft\u00a0\u00bb background_image_as_pattern=\u00a0\u00bbwithout_pattern\u00a0\u00bb el_class=\u00a0\u00bblegal\u00a0\u00bb z_index=\u00a0\u00bb\u00a0\u00bb][vc_column][vc_column_text]<\/p>\n<h2>Identification et contact du propri\u00e9taire du web.<\/h2>\n<p><strong>RESPONSABLE: PESCADOS Y MARISCOS RODOLFO, S.A.<\/strong><\/p>\n<p>TVA: A20051298<br \/>\nADRESSE: Zona Portuaria S\/N. 20110 Pasajes San Pedro<br \/>\nT\u00c9L\u00c9FONE: 943404080<br \/>\nEMAIL: rodolfo@rodolpesca.com<\/p>\n<p><strong>PESCADOS Y MARISCOS RODOLFO, S.A.<\/strong> responsable du site Internet, met \u00e0 la disposition des utilisateurs le document pr\u00e9sent afin de satisfaire aux obligations contenues dans la Loi 34\/2002, sur les Services de la Soci\u00e9t\u00e9 de l\u2019Information et le Commerce \u00c9lectronique (LSSI-CE), ainsi que pour informer tous les utilisateurs sur les conditions d\u2019utilisation de son site.<br \/>\nToute personne qui acc\u00e8de au site Internet assume la condition d\u2019utilisateur et s\u2019engage \u00e0 observer et respecter rigoureusement les dispositions \u00e9nonc\u00e9es ici, ainsi que toute autre obligation l\u00e9gale \u00e9ventuellement applicable.<\/p>\n<p><strong>PESCADOS Y MARISCOS RODOLFO, S.A.<\/strong> se r\u00e9serve le droit de modifier tout type d\u2019information pouvant \u00eatre affich\u00e9e sur son site Internet sans obligation de pr\u00e9venir ou d\u2019informer les utilisateurs, leur publication \u00e9tant consid\u00e9r\u00e9e comme suffisante.<\/p>\n<h3>RESPONSABILIT\u00c9<\/h3>\n<p><strong>PESCADOS Y MARISCOS RODOLFO, S.A.<\/strong> sera exon\u00e9r\u00e9 de toute responsabilit\u00e9 d\u00e9riv\u00e9e de l\u2019information publi\u00e9e sur son site Internet qui aurait pu \u00eatre manipul\u00e9e ou introduite par un tiers.<br \/>\n<strong>PESCADOS Y MARISCOS RODOLFO, S.A.<\/strong> peut utiliser des cookies (<a href=\"\/politica-de-cookies\">Politique de Cookies<\/a>) pour ex\u00e9cuter certaines fonctions consid\u00e9r\u00e9es indispensables au bon fonctionnement et \u00e0 la visualisation correcte du site.<\/p>\n<h3>PROPIET\u00c9 INTELLECTUELLE<\/h3>\n<p><strong>PESCADOS Y MARISCOS RODOLFO, S.A.<\/strong> est propri\u00e9taire de toute l\u2019information contenue sur ce portail.\u2028 Conform\u00e9ment aux dispositions de la Loi sur la Propri\u00e9t\u00e9 intellectuelle, la reproduction, distribution et communication publique aux fins commerciales, y compris dans la modalit\u00e9 de mise \u00e0 disposition, de tout ou partie des contenus de ce site Internet, sur tout support et \u00e0 travers tout type de moyen technique, sont strictement interdites sans l\u2019autorisation de PESCADOS Y MARISCOS RODOLFO, S.A.<\/p>\n<p>L\u2019utilisateur s\u2019engage \u00e0 respecter les droits de Propri\u00e9t\u00e9 intellectuelle et Industrielle appartenant \u00e0 PESCADOS Y MARISCOS RODOLFO, S.A.<br \/>\nDe m\u00eame, l\u2019utilisateur devra s\u2019abstenir de supprimer, alt\u00e9rer, \u00e9luder ou manipuler tout dispositif de protection ou syst\u00e8me de s\u00e9curit\u00e9 qui serait install\u00e9 sur le portail de PESCADOS Y MARISCOS RODOLFO, S.A.<\/p>\n<h3>CLAUSE DE NON-RESABILIT\u00c9<\/h3>\n<p>PESCADOS Y MARISCOS RODOLFO, S.A ne garantit pas la disponibilit\u00e9 ni la continuit\u00e9 du fonctionnement de son portail et de ses services.<br \/>\nLa soci\u00e9t\u00e9 s\u2019efforcera, dans la mesure du possible et dans les limites raisonnables, de pr\u00e9venir les utilisateurs des interruptions pouvant affecter le fonctionnement du portail et des services.<\/p>\n<p>PESCADOS Y MARISCOS RODOLFO, S.A sera exon\u00e9r\u00e9 de toute responsabilit\u00e9 pour dommages et pr\u00e9judices, de quelque nature qu\u2019ils soient, qui pourraient \u00eatre dus \u00e0 la pr\u00e9sence de virus ou d\u2019autres \u00e9l\u00e9ments dans les contenus susceptibles d\u2019alt\u00e9rer le syst\u00e8me informatique de l\u2019utilisateur, en d\u00e9pit des mesures techniques n\u00e9cessaires qu\u2019il aurait pu adopter au pr\u00e9alable pour l\u2019\u00e9viter.<\/p>\n<p>PESCADOS Y MARISCOS RODOLFO, S.A se r\u00e9serve le droit d\u2019effectuer sans avis pr\u00e9alable toutes les modifications qu\u2019il jugerait opportunes sur son portail, autrement dit, modifier, supprimer ou ajouter aussi bien des contenus et des services que la forme sous laquelle ceux-ci sont pr\u00e9sent\u00e9s ou localis\u00e9s sur son portail.<\/p>\n<h3>PROTECTION DE DONNN\u00c9ES PERSONNELLES<\/h3>\n<p>PESCADOS Y MARISCOS RODOLFO, S. s\u2019engage  \u00e0 respecter les normes de protection des donn\u00e9es personnelles et garantit le respect int\u00e9gral des obligations \u00e9tablies par la Loi Organique 15\/1999, du 13 d\u00e9cembre, sur la Protection des Donn\u00e9es Personelles et par le R\u00e8glement g\u00e9n\u00e9ral sur la Protection des Donn\u00e9es (UE) 679\/2016, du 27 avril.<\/p>\n<p>PESCADOS Y MARISCOS RODOLFO, S.A informe l\u2019utilisateur qu\u2019il satisfait aux obligations de la Loi 34\/2002, du 11 juillet, sur les Services de la Soci\u00e9t\u00e9 de l\u2019Information et le Commerce \u00e9lectronique.<\/p>\n<p>Les donn\u00e9es fournies par les int\u00e9ress\u00e9s par le biais d\u2019un courrier \u00e9lectronique ou d\u2019un formulaire de contact feront l\u2019objet d\u2019un traitement de la part de  PESCADOS Y MARISCOS RODOLFO, S. Les donn\u00e9es personnelles seront utilis\u00e9es pour r\u00e9pondre \u00e0 l\u2019information demand\u00e9e, cette utilisation \u00e9tant l\u00e9galement fond\u00e9e sur le consentement de l\u2019int\u00e9ress\u00e9 lorsqu\u2019il nous adresse un courrier \u00e9lectronique ou accepte notre politique de confidentialit\u00e9. <\/p>\n<p>L\u2019acceptation de notre politique de confidentialit\u00e9 implique le consentement expr\u00e8s de l\u2019utilisateur au traitement de ses donn\u00e9es aux fins d\u00e9crites. <\/p>\n<p>L\u2019utilisateur pourra \u00e0 tout moment exercer ses droits d\u2019acc\u00e8s, rectification, opposition, portabilit\u00e9 ou limitation de traitement. Pour donner suite \u00e0 l\u2019exercice de ces droits, il sera n\u00e9cessaire de v\u00e9rifier l\u2019identit\u00e9 de l\u2019utilisateur, c\u2019est pourquoi la demande devra n\u00e9cessairement inclure le nom et le pr\u00e9nom, l\u2019objet de la demande, l\u2019adresse aux fins de notifications, la date, la signature et une photocopie de pi\u00e8ce d\u2019identit\u00e9 ou document d\u2019identification valable en droit. La demande pourra \u00eatre envoy\u00e9e par courrier ordinaire \u00e0 l\u2019adresse PESCADOS Y MARISCOS RODOLFO, S.A. Zona Portuaria La Herrera, s\/n 20110 Pasai San Pedro (Espagne) ou par mail \u00e0 rodolfo@rodolpesca.com.  <\/p>\n<p>Si l\u2019utilisateur n\u2019\u00e9tait pas satisfait du traitement effectu\u00e9 \u00e0 ses donn\u00e9es , il pourra adresser ses r\u00e9clamations \u00e0 l\u2019autorit\u00e9 de protection des donn\u00e9es correspondante, autrement dit, dans le cas de l\u2019Espagne, \u00e0 l\u2019Agence espagnole de Protection des Donn\u00e9es. Toute modification par l\u2019utilisateur de ses donn\u00e9es  devra \u00eatre port\u00e9e \u00e0 la connaissance du responsable du traitement des donn\u00e9es par le propre titulaire des donn\u00e9es. PESCADOS Y MARISCOS RODOLFO, S.A se r\u00e9serve le droit de modifier sa politique de confidentialit\u00e9 ou les conditions d\u2019utilisation pour des motifs d\u2019adaptation \u00e0 la l\u00e9gislation en vigueur. Il est recommand\u00e9 \u00e0 l\u2019utilisateur de ce site Internet de r\u00e9viser r\u00e9guli\u00e8rement cette page du site, toute utilisation du site par l\u2019utilisateur valant acceptation tacite de la politique de confidentialit\u00e9.<\/p>\n<p>Nous garantissons de mani\u00e8re absolue la confidentialit\u00e9 et le caract\u00e8re priv\u00e9 des donn\u00e9es personnelles collect\u00e9es. Les mesures de s\u00e9curit\u00e9 opportunes ont \u00e9t\u00e9 adopt\u00e9es pour \u00e9viter l\u2019alt\u00e9ration, la perte, le traitement ou l\u2019acc\u00e8s non autoris\u00e9. Toutefois, PESCADOS Y MARISCOS RODOLFO, S.A  ne saurait \u00eatre tenu pour responsable des incidents qui pourraient se produire \u00e0 l\u2019\u00e9gard des donn\u00e9es personnelles si ceux-ci sont le r\u00e9sultat, soit d\u2019une attaque, soit d\u2019un acc\u00e8s non autoris\u00e9 aux syst\u00e8mes, impossible \u00e0 d\u00e9tecter en d\u00e9pit d\u2019avoir adopt\u00e9 les mesures existant dans l\u2019\u00e9tat actuel de la technologie.<\/p>\n<p>[\/vc_column_text][\/vc_column][\/vc_row]<\/p>\n","protected":false},"excerpt":{"rendered":"<p>[vc_row css_animation=\u00a0\u00bb\u00a0\u00bb row_type=\u00a0\u00bbrow\u00a0\u00bb use_row_as_full_screen_section=\u00a0\u00bbno\u00a0\u00bb type=\u00a0\u00bbfull_width\u00a0\u00bb angled_section=\u00a0\u00bbno\u00a0\u00bb text_align=\u00a0\u00bbleft\u00a0\u00bb background_image_as_pattern=\u00a0\u00bbwithout_pattern\u00a0\u00bb el_class=\u00a0\u00bblegal\u00a0\u00bb z_index=\u00a0\u00bb\u00a0\u00bb][vc_column][vc_column_text] Identification et contact du propri\u00e9taire du web. RESPONSABLE: PESCADOS Y MARISCOS RODOLFO, S.A. TVA: A20051298 ADRESSE: Zona Portuaria S\/N. 20110 Pasajes San Pedro T\u00c9L\u00c9FONE: 943404080 EMAIL: rodolfo@rodolpesca.com PESCADOS Y MARISCOS RODOLFO, S.A. responsable du site&#8230;<\/p>\n","protected":false},"author":1,"featured_media":0,"parent":0,"menu_order":6,"comment_status":"closed","ping_status":"closed","template":"","meta":[],"_links":{"self":[{"href":"https:\/\/www.rodolpesca.com\/fr\/wp-json\/wp\/v2\/pages\/1820"}],"collection":[{"href":"https:\/\/www.rodolpesca.com\/fr\/wp-json\/wp\/v2\/pages"}],"about":[{"href":"https:\/\/www.rodolpesca.com\/fr\/wp-json\/wp\/v2\/types\/page"}],"author":[{"embeddable":true,"href":"https:\/\/www.rodolpesca.com\/fr\/wp-json\/wp\/v2\/users\/1"}],"replies":[{"embeddable":true,"href":"https:\/\/www.rodolpesca.com\/fr\/wp-json\/wp\/v2\/comments?post=1820"}],"version-history":[{"count":4,"href":"https:\/\/www.rodolpesca.com\/fr\/wp-json\/wp\/v2\/pages\/1820\/revisions"}],"predecessor-version":[{"id":1846,"href":"https:\/\/www.rodolpesca.com\/fr\/wp-json\/wp\/v2\/pages\/1820\/revisions\/1846"}],"wp:attachment":[{"href":"https:\/\/www.rodolpesca.com\/fr\/wp-json\/wp\/v2\/media?parent=1820"}],"curies":[{"name":"wp","href":"https:\/\/api.w.org\/{rel}","templated":true}]}}