{"id":1825,"date":"2021-05-01T13:22:39","date_gmt":"2021-05-01T13:22:39","guid":{"rendered":"https:\/\/www.rodolpesca.com\/politica-de-privacidad\/"},"modified":"2021-09-07T14:52:36","modified_gmt":"2021-09-07T14:52:36","slug":"confidentialite","status":"publish","type":"page","link":"https:\/\/www.rodolpesca.com\/fr\/confidentialite\/","title":{"rendered":"Politique de Confidentialit\u00e9"},"content":{"rendered":"<p>[vc_row css_animation=\u00a0\u00bb\u00a0\u00bb row_type=\u00a0\u00bbrow\u00a0\u00bb use_row_as_full_screen_section=\u00a0\u00bbno\u00a0\u00bb type=\u00a0\u00bbfull_width\u00a0\u00bb angled_section=\u00a0\u00bbno\u00a0\u00bb text_align=\u00a0\u00bbleft\u00a0\u00bb background_image_as_pattern=\u00a0\u00bbwithout_pattern\u00a0\u00bb][vc_column el_class=\u00a0\u00bblegal\u00a0\u00bb][vc_column_text]<\/p>\n<p><strong>Identit\u00e9<\/strong>: Pescados Y Mariscos Rodolfo S.A.<br \/>\n<strong>TVA INTR<\/strong>:\u00a0A20051298<br \/>\n<strong>T\u00e9l\u00e9phone<\/strong>: 943404080<br \/>\n<strong>Si\u00e8ge social<\/strong>:\u00a0Zona Portuaria S\/N. 20110 Pasajes San Pedro; Gipuzkoa<br \/>\n<strong>Email<\/strong>:\u00a0rodolfo@rodolpesca.com<br \/>\n<strong>Site internet<\/strong>:\u00a0www.rodolpesca.com<br \/>\n<strong>Objet Social<\/strong>:\u00a0Grossiste de poisson  et fruits de mer frais et congel\u00e9<br \/>\n<strong>Fax<\/strong>:\u00a0943395198<br \/>\n<strong>Forme sociale<\/strong>:\u00a0Soci\u00e9t\u00e9 Anonyme<br \/>\n<strong>Activit\u00e9<\/strong>:\u00a0Commerce grossiste de poisson, produits de p\u00eache et aquaculture<\/p>\n<h3>Donn\u00e9es Personnelles<\/h3>\n<p>Conform\u00e9ment aux dispositions du R\u00e8glement europ\u00e9en sur la Protection des Donn\u00e9es des utilisateurs du site respectent les pr\u00edncipes suivants:<br \/>\nLic\u00e9it\u00e9, loyaut\u00e9 et transparence: les donn\u00e9es ne peuvent \u00eatre collect\u00e9es et trait\u00e9es qu&rsquo;avec le consentement de l&rsquo;utilisateur propri\u00e9taire des donn\u00e9es.<\/p>\n<p>Minimisation de la collecte et du traitement des donn\u00e9es : seules les donn\u00e9es n\u00e9cessaires \u00e0 la bonne ex\u00e9cution des objectifs poursuivis par le site sont collect\u00e9es.<\/p>\n<p>Conservation des donn\u00e9es r\u00e9duites dans le temps : les donn\u00e9es sont conserv\u00e9es pour une dur\u00e9e limit\u00e9e, dont l&rsquo;utilisateur est inform\u00e9.<\/p>\n<p>Int\u00e9grit\u00e9 et confidentialit\u00e9 des donn\u00e9es collect\u00e9es et trait\u00e9es : le responsable du traitement des donn\u00e9es s&rsquo;engage \u00e0 garantir l&rsquo;int\u00e9grit\u00e9 et la confidentialit\u00e9 des donn\u00e9es collect\u00e9es.<\/p>\n<h3><\/h3>\n<h3>Quand nous collectons vos donn\u00e9es<\/h3>\n<p>Cuando te pongas en contacto con nosotros a trav\u00e9s del formulario de contacto, los datos requeridos son tu nombre, un email y luego tu mensaje.<\/p>\n<h3><\/h3>\n<h3>\u00bfY con qu\u00e9 finalidad utilizamos estos datos personales?<\/h3>\n<p>Les informations personnelles que vous nous transmettez, lorsque vous compl\u00e9tez les formulaires en ligne: votre nom, votre t\u00e9l\u00e9phone, votre mail et votre message. <\/p>\n<h3><\/h3>\n<h3>Pour quelle raison nous collectons vos donn\u00e9es<\/h3>\n<ul>\n<li>Aux fins de vous fournir les informations ou les services que vous avez demmand\u00e9.<\/li>\n<li>Aux fins de facturation des services demand\u00e9s<\/li>\n<\/ul>\n<h3><\/h3>\n<h3>Dur\u00e9e de Conservation <\/h3>\n<p>Vos donn\u00e9s seront conserv\u00e9s pendant le temps marqu\u00e9 par le R\u00e8glement, sauf votre opposition au traitement de vos donn\u00e9es par le site<\/p>\n<h3><\/h3>\n<h3>\u00bfPor cu\u00e1nto tiempo conservaremos tus datos?<\/h3>\n<p>Los datos se conservar\u00e1n durante el plazo exigido por la ley, salvo que usted comunique la negativa al uso de los datos personales, en cuyo caso, se proceder\u00e1 a su bloqueo inmediato.<\/p>\n<h3><\/h3>\n<h3>Transmission des donn\u00e9es \u00e0 des Tiers<\/h3>\n<p>Vos donn\u00e9es ne seront pas transmises aux tiers sauf dans le cadre d\u2019une obligation l\u00e9gale.  <\/p>\n<h3><\/h3>\n<h3>Quels droits vous avez pour le traitement de vos donn\u00e9es<\/h3>\n<p>Conform\u00e9ment \u00e0 la r\u00e9glementation concernant le traitement des donn\u00e9es \u00e0 caract\u00e8re personnel, vous avez les  droits ci-apr\u00e8s \u00e9num\u00e9r\u00e9s.<\/p>\n<p>Vous opposer au traitement de vos donn\u00e9es par notre Soci\u00e9t\u00e9, Demander que vos informations soient effac\u00e9es ou fassent l\u2019objet d\u2019une utilisation limit\u00e9e \u00e0 l\u2019avenir, Nous demander une copie des informations que nous d\u00e9tenons sur vous, Corriger, d\u2019amender ou de mettre \u00e0 jour les informations que vous nous avez communiqu\u00e9es.<\/p>\n<p>Vous pouvez les exercer en nous \u00e9crivant \u00e0 l\u2019adresse postale \u00e0 Zona Portuaria La Herrera, s\/n. Apartado de Correos, 81.20110 Pasajes San Pedro, Gipuzkoa, SPAIN o\u00f9 bien nous envoyer un mail sur la bo\u00eete mail  rodolfo@rodolpesca.com avec la r\u00e9f\u00e9rence \u201cTraitement des Donn\u00e9es\u201d. Votre demande sera trait\u00e9e sous r\u00e9serve que vous rapportiez la preuve de votre identit\u00e9.<\/p>\n<h3><\/h3>\n<h3>S\u00e9curit\u00e9 et Confidentialit\u00e9<\/h3>\n<p>Pescados y Mariscos Rodolfo, S.A. s&rsquo;engage \u00e0 prot\u00e9ger les donn\u00e9es \u00e0 caract\u00e8re personnel collect\u00e9es, \u00e0 ne pas les transmettre \u00e0 des tiers sans que l&rsquo;utilisateur n&rsquo;en ait \u00e9t\u00e9 inform\u00e9 et \u00e0 respecter les finalit\u00e9s pour lesquelles ces donn\u00e9es ont \u00e9t\u00e9 collect\u00e9es. <\/p>\n<p>Notre site dispose d&rsquo;un certificat SSL afin de garantir que les informations et le transfert des donn\u00e9es transitant par l\u2019application sont s\u00e9curis\u00e9s. Un certificat SSL (\u00ab\u00a0Secure Socket Layer\u00a0\u00bb Certificate) a pour but de s\u00e9curiser les donn\u00e9es \u00e9chang\u00e9es entre l&rsquo;utilisateur et l\u2019application. Nous utilisons un cryptage \u00e0 la pointe de la technologie pour prot\u00e9ger les informations sensibles transmises en ligne. <\/p>\n<h3><\/h3>\n<h3>Responsabilit\u00e9 de la v\u00e9racit\u00e9 des Donn\u00e9es fournies<\/h3>\n<p>L&rsquo;utilisateur est seul responsable de la v\u00e9racit\u00e9 et de l&rsquo;exactitude des donn\u00e9es incluses, exon\u00e9rant Pescados y Marisco Rodolfo S.A.de toute responsabilit\u00e9 \u00e0 cet \u00e9gard. Les utilisateurs garantissent et r\u00e9pondent, dans tous les cas, l&rsquo;exactitude, la validit\u00e9 et l&rsquo;authenticit\u00e9 des donn\u00e9es personnelles fournies, et s&rsquo;engagent \u00e0 les tenir \u00e0 jour. L&rsquo;utilisateur s&rsquo;engage \u00e0 fournir des informations compl\u00e8tes et correctes sur le formulaire d e contact. <\/p>\n<h3><\/h3>\n<h3>Changements sur la politique de confidentialit\u00e9 <\/h3>\n<p>Cette politique de confidentialit\u00e9 est susceptible d&rsquo;\u00eatre modifi\u00e9e. Nous vous recommandons de v\u00e9rifier la politique de confidentialit\u00e9 avec une certaine fr\u00e9quence.<\/p>\n<p>[\/vc_column_text][\/vc_column][\/vc_row]<\/p>\n","protected":false},"excerpt":{"rendered":"<p>[vc_row css_animation=\u00a0\u00bb\u00a0\u00bb row_type=\u00a0\u00bbrow\u00a0\u00bb use_row_as_full_screen_section=\u00a0\u00bbno\u00a0\u00bb type=\u00a0\u00bbfull_width\u00a0\u00bb angled_section=\u00a0\u00bbno\u00a0\u00bb text_align=\u00a0\u00bbleft\u00a0\u00bb background_image_as_pattern=\u00a0\u00bbwithout_pattern\u00a0\u00bb][vc_column el_class=\u00a0\u00bblegal\u00a0\u00bb][vc_column_text] Identit\u00e9: Pescados Y Mariscos Rodolfo S.A. TVA INTR:\u00a0A20051298 T\u00e9l\u00e9phone: 943404080 Si\u00e8ge social:\u00a0Zona Portuaria S\/N. 20110 Pasajes San Pedro; Gipuzkoa Email:\u00a0rodolfo@rodolpesca.com Site internet:\u00a0www.rodolpesca.com Objet Social:\u00a0Grossiste de poisson et fruits de mer frais et congel\u00e9 Fax:\u00a0943395198 Forme sociale:\u00a0Soci\u00e9t\u00e9&#8230;<\/p>\n","protected":false},"author":1,"featured_media":0,"parent":0,"menu_order":7,"comment_status":"closed","ping_status":"closed","template":"","meta":[],"_links":{"self":[{"href":"https:\/\/www.rodolpesca.com\/fr\/wp-json\/wp\/v2\/pages\/1825"}],"collection":[{"href":"https:\/\/www.rodolpesca.com\/fr\/wp-json\/wp\/v2\/pages"}],"about":[{"href":"https:\/\/www.rodolpesca.com\/fr\/wp-json\/wp\/v2\/types\/page"}],"author":[{"embeddable":true,"href":"https:\/\/www.rodolpesca.com\/fr\/wp-json\/wp\/v2\/users\/1"}],"replies":[{"embeddable":true,"href":"https:\/\/www.rodolpesca.com\/fr\/wp-json\/wp\/v2\/comments?post=1825"}],"version-history":[{"count":6,"href":"https:\/\/www.rodolpesca.com\/fr\/wp-json\/wp\/v2\/pages\/1825\/revisions"}],"predecessor-version":[{"id":1853,"href":"https:\/\/www.rodolpesca.com\/fr\/wp-json\/wp\/v2\/pages\/1825\/revisions\/1853"}],"wp:attachment":[{"href":"https:\/\/www.rodolpesca.com\/fr\/wp-json\/wp\/v2\/media?parent=1825"}],"curies":[{"name":"wp","href":"https:\/\/api.w.org\/{rel}","templated":true}]}}