{"id":1829,"date":"2021-05-01T13:32:28","date_gmt":"2021-05-01T13:32:28","guid":{"rendered":"https:\/\/www.rodolpesca.com\/politica-de-cookies\/"},"modified":"2021-09-07T14:51:41","modified_gmt":"2021-09-07T14:51:41","slug":"politique-de-cookies","status":"publish","type":"page","link":"https:\/\/www.rodolpesca.com\/fr\/politique-de-cookies\/","title":{"rendered":"Politique d&rsquo;utilisation de cookies"},"content":{"rendered":"<p>[vc_row css_animation=\u00a0\u00bb\u00a0\u00bb row_type=\u00a0\u00bbrow\u00a0\u00bb use_row_as_full_screen_section=\u00a0\u00bbno\u00a0\u00bb type=\u00a0\u00bbfull_width\u00a0\u00bb angled_section=\u00a0\u00bbno\u00a0\u00bb text_align=\u00a0\u00bbleft\u00a0\u00bb background_image_as_pattern=\u00a0\u00bbwithout_pattern\u00a0\u00bb el_class=\u00a0\u00bblegal\u00a0\u00bb z_index=\u00a0\u00bb\u00a0\u00bb][vc_column][vc_column_text]<\/p>\n<p>Sur ce site Web, des cookies de tiers et propres sont utilis\u00e9s pour vous assurer une meilleure exp\u00e9rience de navigation, pour que vous puissiez partager des contenus sur les r\u00e9seaux sociaux et pour obtenir des statistiques sur les utilisateurs.<\/p>\n<p>Vous pouvez emp\u00eacher le t\u00e9l\u00e9chargement de cookies via les param\u00e8tres de votre navigateur, emp\u00eachant les cookies d\u2019\u00eatre stock\u00e9s sur votre dispositif de navigation.<\/p>\n<p>En tant que propri\u00e9taires de ce site Web, on vous informe que nous n\u2019utilisons aucune information personnelle provenant des cookies. Celles-ci nous permettent  notablement d\u2019\u00e9tablir des statistiques et comptages de fr\u00e9quentation et d\u2019utilisation des contenus de notre site et de faire des \u00e9tudes pour en am\u00e9liorer le contenu<\/p>\n<p>Il est tr\u00e8s important que vous lisiez cette politique de cookies et compreniez que, si vous continuez \u00e0 naviguer, nous consid\u00e9rerons que vous acceptez leur utilisation.<\/p>\n<p>Selon les termes de l\u2019article 22.2 de la loi 34\/2002 sur les services de la soci\u00e9t\u00e9 de l\u2019information et du commerce \u00e9lectronique, si vous continuez \u00e0 naviguer, vous consentez \u00e0 l\u2019utilisation desdits m\u00e9canismes.<\/p>\n<h3>Entit\u00e9 responsable<\/h3>\n<p class=\"ng-binding\">L\u2019entit\u00e9 responsable de la collecte, du traitement et de l\u2019utilisation de vos donn\u00e9es personnelles, au sens \u00e9tabli par la Loi sur la Protection des Donn\u00e9es Personnelles, est la page www.rodolpesca.com, propri\u00e9t\u00e9 Pescados y Mariscos Rodolfo S.A. \u2013 Zona Portuaria la Herrera, s\/n. 20110 de Pasai San Pedro. Gipuzkoa. Espagne.<\/p>\n<h3>En quoi consistent les cookies?<\/h3>\n<p>Les cookies sont de petits fichiers texte qui sont stock\u00e9s sur le disque dur du terminal et qui servent \u00e0 identifier l\u2019utilisateur lorsqu\u2019il se reconnecte au site Web. Leur but est d\u2019enregistrer la visite de l\u2019utilisateur et de sauvegarder certaines informations. Leur utilisation est courante et fr\u00e9quente sur le Web car elles permettent aux pages de fonctionner plus efficacement et d\u2019obtenir une plus grande personnalisation et analyse du comportement des utilisateurs.<\/p>\n<h3>Differents types de cookies<\/h3>\n<p>Les cookies utilis\u00e9s sur notre site Web sont des cookies strictement n\u00e9cessaires et des cookies de tiers, lesquelles nous permettent de stocker et d\u2019acc\u00e9der \u00e0 des informations relatives \u00e0 la langue, au type de navigateur utilis\u00e9 et \u00e0 d\u2019autres caract\u00e9ristiques g\u00e9n\u00e9rales pr\u00e9d\u00e9finies par l\u2019utilisateur, ainsi que de suivre et d\u2019analyser l\u2019activit\u00e9 effectu\u00e9es, afin d\u2019apporter des am\u00e9liorations et de fournir nos services de mani\u00e8re plus efficace et personnalis\u00e9e.<\/p>\n<p>Les cookies, en fonction de leur permanence, peuvent \u00eatre divis\u00e9s en cookies de session ou cookies permanentes. Ceux qui expirent lorsque l\u2019utilisateur ferme le navigateur. Ceux qui expirent en fonction du moment o\u00f9 l\u2019objectif pour lequel ils servent est atteint (par exemple, afin que l\u2019utilisateur reste identifi\u00e9 dans les services Pescados y Mariscos Rodolfo S.A. ) ou lorsqu\u2019elles sont supprim\u00e9es manuellement.<\/p>\n<p>&nbsp;<\/p>\n<table border=\"0\" width=\"100%\" cellpadding=\"15\">\n<tbody>\n<tr>\n<td>Nom<\/td>\n<td>Tipe<\/td>\n<td>Expiration<\/td>\n<td>Finalit\u00e9<\/td>\n<td>Classe<\/td>\n<\/tr>\n<tr>\n<td>__utma<\/td>\n<td>De Tiers (Google Analytics)<\/td>\n<td>2 a\u00f1os<\/td>\n<td>Pour distinguer utilisateurs et sessions.<\/td>\n<td>Non exemptes<\/td>\n<\/tr>\n<tr>\n<td>__utmb<\/td>\n<td>De Tiers (Google Analytics)<\/td>\n<td>30 minutes<\/td>\n<td>D\u00e9terminer de nouvelles sessions ou visites<\/td>\n<td>Non exemptes<\/td>\n<\/tr>\n<tr>\n<td>__utmc<\/td>\n<td>De Tiers (Google Analytics)<\/td>\n<td>Fin de session<\/td>\n<td>Configur\u00e9e pour utilisation avec Urchin<\/td>\n<td>Non exemptes<\/td>\n<\/tr>\n<tr>\n<td>__utmz<\/td>\n<td>De Tiers (Google Analytics)<\/td>\n<td>6 mois<\/td>\n<td>Stocke la source ou origine d\u2019une campagne qui explique comme l\u2019utilisateur est arriv\u00e9 au site web<\/td>\n<td>Non exemptes<\/td>\n<\/tr>\n<\/tbody>\n<\/table>\n<p class=\"ng-binding\">En outre, en fonction de leur objectif, les cookies peuvent \u00eatre class\u00e9s comme suit:<\/p>\n<h3>Cookies de performance<\/h3>\n<p>Ce type de cookies se souviennent de vos pr\u00e9f\u00e9rences pour les outils trouv\u00e9s dans les services, vous n\u2019avez donc pas \u00e0 reconfigurer le service \u00e0 chaque visite. \u00c0 titre d\u2019exemple, cette typologie comprend: les r\u00e9glages de volume des lecteurs vid\u00e9o ou audio. Les vitesses de transmission vid\u00e9o compatibles avec votre navigateur. Objets stock\u00e9s dans le \u00ab panier \u00bb dans les services de commerce \u00e9lectronique tels que les magasins.<\/p>\n<h3>Cookies de g\u00e9olocalisation<\/h3>\n<p>Ces cookies sont utilis\u00e9es pour savoir dans quel pays vous vous trouvez lorsque vous demandez un service. Cette cookie est compl\u00e8tement anonyme et n\u2019est utilis\u00e9 que pour aider \u00e0 cibler le contenu vers votre emplacement.<\/p>\n<h3>Cookies de session<\/h3>\n<p>Les cookies d\u2019enregistrement sont g\u00e9n\u00e9r\u00e9es une fois que l\u2019utilisateur s\u2019est enregistr\u00e9 ou a ouvert une session, et sont utilis\u00e9s pour l\u2019identifier dans les services avec les objectifs suivants:<br \/>\nConserver l\u2019identification l\u2019utilisateur pour que, apr\u00e8s fermer un service, le navigateur ou le terminal et, post\u00e9rieurement \u00e0 une autre heure ou un autre jour il r\u00e9-acc\u00e8de au service, il continuera \u00e0 \u00eatre identifi\u00e9, facilitant ainsi sa navigation sans besoin de s\u2019identifier \u00e0 nouveau. Cette fonctionnalit\u00e9 peut \u00eatre supprim\u00e9e si l\u2019utilisateur clique sur la fonctionnalit\u00e9 [fermer la session], donc cette cookie est supprim\u00e9e et la prochaine fois que l\u2019utilisateur se connecte au  service, il devra s\u2019identifier de nouveau.<\/p>\n<p>V\u00e9rifier si l\u2019utilisateur est autoris\u00e9 \u00e0 acc\u00e9der \u00e0 certains services, par exemple, pour participer \u00e0 un concours.<\/p>\n<p>De plus, certains services peuvent utiliser des connecteurs avec des r\u00e9seaux sociaux tels que Facebook ou Twitter. Lorsque l\u2019utilisateur s\u2019inscrit dans un service avec les informations d\u2019identification d\u2019un r\u00e9seau social, il autorise le r\u00e9seau social \u00e0 enregistrer un cookie persistant qui se souvient de son identit\u00e9 et garantit l\u2019acc\u00e8s aux services jusqu\u2019\u00e0 son expiration. L\u2019utilisateur peut supprimer ce cookie et r\u00e9voquer l\u2019acc\u00e8s aux services via les r\u00e9seaux sociaux en mettant \u00e0 jour ses pr\u00e9f\u00e9rences dans le r\u00e9seau social sp\u00e9cifique.<\/p>\n<h3>Cookies analytiques<\/h3>\n<p class=\"ng-binding\">Chaque visite d\u2019un service, un outil d\u2019un fournisseur externe g\u00e9n\u00e8re une cookie analytique sur votre terminal. Cette cookie, qui n\u2019est g\u00e9n\u00e9r\u00e9e que lors de la visite, sera utilis\u00e9e lors de futures visites des services de Pescados y Mariscos RODOLFO SA   pour identifier le visiteur de mani\u00e8re anonyme. Les principaux objectifs poursuivis sont:<br \/>\nPermettre l\u2019identification anonyme des utilisateurs naviguant \u00e0 travers le cookie (elle identifie les navigateurs et les dispositifs pas les personnes) et donc la comptabilisation approximative du nombre de visiteurs et de leurs tendances dans le temps.<br \/>\nIdentifier de mani\u00e8re anonyme le contenu le plus visit\u00e9 et donc plus attrayant pour les utilisateurs. Savoir si l\u2019utilisateur qui acc\u00e8de est nouveau ou s\u2019il r\u00e9p\u00e8te la visite.<\/p>\n<p>Important: \u00e0 moins que l\u2019utilisateur ne d\u00e9cide de s\u2019inscrire aupr\u00e8s d\u2019un service Pescados y Mariscos RODOLFO SA , la cookie ne sera jamais associ\u00e9e \u00e0 des donn\u00e9es personnelles permettant de l\u2019identifier. Ces cookies ne seront utilis\u00e9es qu\u2019\u00e0 des fins statistiques permettant d\u2019optimiser l\u2019exp\u00e9rience de l\u2019utilisateur sur le site.<\/p>\n<h3>Cookies publicitaires de tiers<\/h3>\n<p>En plus de la publicit\u00e9 g\u00e9r\u00e9e par le site Web de Pescados y Mariscos RODOLFO SA dans leurs services, le site Web de Pescados y Mariscos RODOLFO SA  offre \u00e0 leurs annonceurs la possibilit\u00e9 de diffuser des publicit\u00e9s par le biais de tiers (\u00ab Ad-Servers \u00bb). De cette mani\u00e8re, ces tiers peuvent stocker les cookies envoy\u00e9es par les services de Pescados y Mariscos RODOLFO SA \u00e0 partir des navigateurs des utilisateurs, ainsi qu\u2019acc\u00e9der aux donn\u00e9es qui y sont stock\u00e9es.<br \/>\nLes entreprises qui g\u00e9n\u00e8rent ces cookies ont leurs propres politiques de confidentialit\u00e9. Actuellement, les sites Internet de Pescados y Mariscos RODOLFO SA  utilisent la plateforme Doubleclick (Google) pour g\u00e9rer ces services. Pour plus d\u2019informations, rendez-vous sur:<br \/>\n<a href=\"http:\/\/www.google.es\/policies\/privacy\/ads\/#toc-doubleclick\" target=\"_blank\" rel=\"noopener\">http:\/\/www.google.es\/policies\/privacy\/ads\/#toc-doubleclick<\/a>  et sur    <a href=\"http:\/\/www.google.es\/policies\/privacy\/ads\/\" target=\"_blank\" rel=\"noopener\">http:\/\/www.google.es\/policies\/privacy\/ads\/<\/a>.<\/p>\n<h3>Configuration de vos pr\u00e9f\u00e9rences sur les cookies<\/h3>\n<p>On peut accepter ou refuser le d\u00e9p\u00f4t de cookies \u00e0 tout moment.<br \/>\nLa plupart des navigateurs Ineternet sont configur\u00e9s par d\u00e9faut de fa\u00e7on \u00e0 ce que le d\u00e9p\u00f4t de cookies soit autoris\u00e9. De m\u00eame, l\u2019utilisateur peut v\u00e9rifier dans son navigateur quelles cookies il sont install\u00e9es et quelle est sa p\u00e9riode d\u2019expiration, en pouvant les \u00e9liminer.<br \/>\nPour d\u00e9velopper ces informations, consultez les instructions et les manuels de votre navigateur:<\/p>\n<p>Pour plus d\u2019informations sur l\u2019administration des cookies dans Google Chrome:<br \/>\n<a href=\"https:\/\/support.google.com\/chrome\/answer\/95647?hl=fr\" target=\"_blank\" rel=\"noopener\">https:\/\/support.google.com\/chrome\/answer\/95647?hl=fr<\/a><\/p>\n<p>Pour plus d\u2019informations sur l\u2019administration des cookies dans Internet Explorer:<br \/>\n<a href=\"http:\/\/windows.microsoft.com\/es-es\/windows-vista\/cookies-frequently-asked-questions\" target=\"_blank\" rel=\"noopener\">http:\/\/windows.microsoft.com\/es-es\/windows-vista\/cookies-frequently-asked-questions<\/a><\/p>\n<p>Pour plus d\u2019informations sur la gestion des cookies dans Mozilla Firefox:<br \/>\n<a href=\"http:\/\/support.mozilla.org\/es\/kb\/habilitar-y-deshabilitar-cookies-que-los-sitios-we\" target=\"_blank\" rel=\"noopener\">http:\/\/support.mozilla.org\/es\/kb\/habilitar-y-deshabilitar-cookies-que-los-sitios-we<\/a><\/p>\n<p>Pour plus d\u2019informations sur l\u2019administration des cookies dans Safari:<br \/>\n<a href=\"http:\/\/www.apple.com\/es\/privacy\/use-of-cookies\/\" target=\"_blank\" rel=\"noopener\">http:\/\/www.apple.com\/es\/privacy\/use-of-cookies\/<\/a><\/p>\n<p>Pour plus d\u2019informations sur la gestion des cookies dans Opera:<br \/>\n<a href=\"http:\/\/help.opera.com\/Windows\/11.50\/es-ES\/cookies.html\" target=\"blank\" rel=\"noopener\">http:\/\/help.opera.com\/Windows\/11.50\/es-ES\/cookies.html<\/a><\/p>\n<p>Si vous ne souhaitez plus \u00eatre suivi par la visite de Google Analytics:<br \/>\n<a href=\"http:\/\/tools.google.com\/dlpage\/gaoptout\" target=\"_blank\" rel=\"noopener\">http:\/\/tools.google.com\/dlpage\/gaoptout<\/a><\/p>\n<h3>Pour en savoir plus sur les cookies<\/h3>\n<p>Vous pouvez obtenir plus d\u2019informations sur la publicit\u00e9 en ligne bas\u00e9e sur le comportement et la confidentialit\u00e9 en ligne sur le lien suivant: <a href=\"http:\/\/www.youronlinechoices.com\/es\/\" target=\"_blank\" rel=\"noopener\">http:\/\/www.youronlinechoices.com\/es\/<\/a><\/p>\n<p>Protection des donn\u00e9es de Google Analytics:<br \/>\n<a href=\"http:\/\/www.google.com\/analytics\/learn\/privacy.html\" target=\"_blank\" rel=\"noopener\">http:\/\/www.google.com\/analytics\/learn\/privacy.html<\/a><\/p>\n<p>Comment Google Analytics utilise les cookies:<br \/>\n<a href=\"https:\/\/developers.google.com\/analytics\/devguides\/collection\/analyticsjs\/cookie-usage?hl=es#analyticsjs\" target=\"_blank\" rel=\"noopener\">https:\/\/developers.google.com\/analytics\/devguides\/collection\/analyticsjs\/cookie-usage?hl=es#analyticsjs<\/p>\n<h3>Mises \u00e0 jour et modifications de la politique de confidentialit\u00e9 \/ cookies<\/h3>\n<p class=\"ng-binding\">Le site Web de  Pescados y Mariscos RODOLFO SA  peut modifier cette politique de cookies en fonction des exigences l\u00e9gislatives, r\u00e9glementaires ou afin d\u2019adapter cette politique aux instructions \u00e9mises par l\u2019Agence Espagnole de Protection des Donn\u00e9es, il est donc conseill\u00e9 de les utilisateurs qui le visitent p\u00e9riodiquement.<br \/>\nLorsque des changements importants se produisent dans cette politique de cookies, ceux-ci seront communiqu\u00e9s aux utilisateurs via le Web ou par e-mail aux utilisateurs enregistr\u00e9s.<\/p>\n<p>[\/vc_column_text][\/vc_column][\/vc_row]<\/p>\n","protected":false},"excerpt":{"rendered":"<p>[vc_row css_animation=\u00a0\u00bb\u00a0\u00bb row_type=\u00a0\u00bbrow\u00a0\u00bb use_row_as_full_screen_section=\u00a0\u00bbno\u00a0\u00bb type=\u00a0\u00bbfull_width\u00a0\u00bb angled_section=\u00a0\u00bbno\u00a0\u00bb text_align=\u00a0\u00bbleft\u00a0\u00bb background_image_as_pattern=\u00a0\u00bbwithout_pattern\u00a0\u00bb el_class=\u00a0\u00bblegal\u00a0\u00bb z_index=\u00a0\u00bb\u00a0\u00bb][vc_column][vc_column_text] Sur ce site Web, des cookies de tiers et propres sont utilis\u00e9s pour vous assurer une meilleure exp\u00e9rience de navigation, pour que vous puissiez partager des contenus sur les r\u00e9seaux sociaux et pour obtenir des&#8230;<\/p>\n","protected":false},"author":1,"featured_media":0,"parent":0,"menu_order":8,"comment_status":"closed","ping_status":"closed","template":"","meta":[],"_links":{"self":[{"href":"https:\/\/www.rodolpesca.com\/fr\/wp-json\/wp\/v2\/pages\/1829"}],"collection":[{"href":"https:\/\/www.rodolpesca.com\/fr\/wp-json\/wp\/v2\/pages"}],"about":[{"href":"https:\/\/www.rodolpesca.com\/fr\/wp-json\/wp\/v2\/types\/page"}],"author":[{"embeddable":true,"href":"https:\/\/www.rodolpesca.com\/fr\/wp-json\/wp\/v2\/users\/1"}],"replies":[{"embeddable":true,"href":"https:\/\/www.rodolpesca.com\/fr\/wp-json\/wp\/v2\/comments?post=1829"}],"version-history":[{"count":6,"href":"https:\/\/www.rodolpesca.com\/fr\/wp-json\/wp\/v2\/pages\/1829\/revisions"}],"predecessor-version":[{"id":1852,"href":"https:\/\/www.rodolpesca.com\/fr\/wp-json\/wp\/v2\/pages\/1829\/revisions\/1852"}],"wp:attachment":[{"href":"https:\/\/www.rodolpesca.com\/fr\/wp-json\/wp\/v2\/media?parent=1829"}],"curies":[{"name":"wp","href":"https:\/\/api.w.org\/{rel}","templated":true}]}}